{"id":457,"date":"2018-01-04T12:01:51","date_gmt":"2018-01-04T12:01:51","guid":{"rendered":"http:\/\/studium.rebeldesign.org\/?page_id=457"},"modified":"2021-06-13T16:54:05","modified_gmt":"2021-06-13T16:54:05","slug":"vita","status":"publish","type":"page","link":"https:\/\/benediktblum.de\/?page_id=457","title":{"rendered":"Kurzbiografie"},"content":{"rendered":"<p><img loading=\"lazy\" decoding=\"async\" class=\"wp-image-834 alignright\" src=\"http:\/\/studium.rebeldesign.org\/wp-content\/uploads\/2018\/01\/bio3.png\" alt=\"\" width=\"424\" height=\"639\" srcset=\"https:\/\/benediktblum.de\/wp-content\/uploads\/2018\/01\/bio3.png 1200w, https:\/\/benediktblum.de\/wp-content\/uploads\/2018\/01\/bio3-199x300.png 199w, https:\/\/benediktblum.de\/wp-content\/uploads\/2018\/01\/bio3-768x1156.png 768w, https:\/\/benediktblum.de\/wp-content\/uploads\/2018\/01\/bio3-680x1024.png 680w\" sizes=\"auto, (max-width: 424px) 100vw, 424px\" \/><\/p>\n<ul>\n<li>Stimmlage: Bass<\/li>\n<li>Geboren 1996 in Bad Salzungen<\/li>\n<li>Aufgewachsen in Dermbach in der Rh\u00f6n<\/li>\n<li>Musikalische Ausbildung begann mit 6 Jahren an der Musikschule Wartburgkreis<\/li>\n<li>8 Jahre Klavierunterricht bei Siegrun Hoffmann<\/li>\n<li>Gleichzeitig Schlagzeugunterricht bei Frank M\u00fcller sowie ersten Gesangsunterricht im Musical und Popbereich bei Andrea Hoffmann<\/li>\n<li>Von 2010 bis 2014 klassischer Gesang bei Elke Hausmann an der Musikschule Schmalkalden<\/li>\n<li>W\u00e4hrend der Schulzeit Teilnahme an verschiedenen Konzerten und zahlreichen Wettbewerben<\/li>\n<li>Im Sommer 2013 1. Platz beim Talent-Wettbewerb Gesang mit eigener Begleitung und\u00a0Eigenkomposition in Friedrichroda<\/li>\n<li>2014 1. Preis beim Wettbewerb \u201eJugend Musiziert\u201c in Sondershausen mit der Weiterleitung zum Bundeswettbewerb<\/li>\n<li>2014 erstes eigenes Solo-Konzert<\/li>\n<li>Nach der schulischen Ausbildung und einer angefangenen Ausbildung zum Erzieher Wechsel an die Berufsfachschule f\u00fcr Musik in Dinkelsb\u00fchl im Sommer 2014<\/li>\n<li>Beginn seiner Ausbildung zum staatlich gepr\u00fcften Chor und Ensembleleiter mit Schwerpunktfach Gesang bei Birgit Str\u00f6bel K\u00f6nig<\/li>\n<li>Oktober 2015 Studium an der Hochschule f\u00fcr Musik Franz Liszt in Weimar; Studiengang: Bachelor of Music \u2013 Gesang und Musiktheater bei Prof. Siegfried Gohritz<\/li>\n<li>Sommer 2019: Erfolgreicher Abschluss Bachelor of Music \u2013 Gesang und Musiktheater<\/li>\n<li>Von 2019 bis 2020 Mitglied an der Chorakademie der Wiener Staatsoper<\/li>\n<li>2019 Absolvierung der C-Pr\u00fcfung f\u00fcr den nebenberuflichen Organistendienst<\/li>\n<\/ul>\n","protected":false},"excerpt":{"rendered":"<p>Stimmlage: Bass Geboren 1996 in Bad Salzungen Aufgewachsen in Dermbach in der Rh\u00f6n Musikalische Ausbildung begann mit 6 Jahren an der Musikschule Wartburgkreis 8 Jahre Klavierunterricht bei Siegrun Hoffmann Gleichzeitig Schlagzeugunterricht bei Frank M\u00fcller sowie ersten Gesangsunterricht im Musical und Popbereich bei Andrea Hoffmann Von 2010 bis 2014 klassischer Gesang bei Elke Hausmann an der [&hellip;]<\/p>\n","protected":false},"author":1,"featured_media":0,"parent":0,"menu_order":0,"comment_status":"closed","ping_status":"closed","template":"page-fullwidth.php","meta":{"footnotes":""},"class_list":["post-457","page","type-page","status-publish","hentry"],"_links":{"self":[{"href":"https:\/\/benediktblum.de\/index.php?rest_route=\/wp\/v2\/pages\/457","targetHints":{"allow":["GET"]}}],"collection":[{"href":"https:\/\/benediktblum.de\/index.php?rest_route=\/wp\/v2\/pages"}],"about":[{"href":"https:\/\/benediktblum.de\/index.php?rest_route=\/wp\/v2\/types\/page"}],"author":[{"embeddable":true,"href":"https:\/\/benediktblum.de\/index.php?rest_route=\/wp\/v2\/users\/1"}],"replies":[{"embeddable":true,"href":"https:\/\/benediktblum.de\/index.php?rest_route=%2Fwp%2Fv2%2Fcomments&post=457"}],"version-history":[{"count":9,"href":"https:\/\/benediktblum.de\/index.php?rest_route=\/wp\/v2\/pages\/457\/revisions"}],"predecessor-version":[{"id":1121,"href":"https:\/\/benediktblum.de\/index.php?rest_route=\/wp\/v2\/pages\/457\/revisions\/1121"}],"wp:attachment":[{"href":"https:\/\/benediktblum.de\/index.php?rest_route=%2Fwp%2Fv2%2Fmedia&parent=457"}],"curies":[{"name":"wp","href":"https:\/\/api.w.org\/{rel}","templated":true}]}}